{"id":4242,"date":"2020-11-12T23:58:01","date_gmt":"2020-11-12T22:58:01","guid":{"rendered":"https:\/\/www.forsage.net\/products\/"},"modified":"2020-11-13T00:11:04","modified_gmt":"2020-11-12T23:11:04","slug":"products","status":"publish","type":"page","link":"https:\/\/www.forsage.net\/en\/products\/","title":{"rendered":"Products"},"content":{"rendered":"\t\t<div data-elementor-type=\"wp-page\" data-elementor-id=\"4242\" class=\"elementor elementor-4242 elementor-2233\" data-elementor-settings=\"[]\">\n\t\t\t\t\t\t<div class=\"elementor-inner\">\n\t\t\t\t\t\t\t<div class=\"elementor-section-wrap\">\n\t\t\t\t\t\t\t<section class=\"has_eae_slider elementor-section elementor-top-section elementor-element elementor-element-491347a elementor-section-stretched elementor-section-boxed elementor-section-height-default elementor-section-height-default\" data-id=\"491347a\" data-element_type=\"section\" data-settings=\"{&quot;stretch_section&quot;:&quot;section-stretched&quot;,&quot;background_background&quot;:&quot;classic&quot;,&quot;shape_divider_bottom&quot;:&quot;waves&quot;}\">\n\t\t\t\t\t\t\t<div class=\"elementor-background-overlay\"><\/div>\n\t\t\t\t\t\t<div class=\"elementor-shape elementor-shape-bottom\" data-negative=\"false\">\n\t\t\t<svg xmlns=\"http:\/\/www.w3.org\/2000\/svg\" viewBox=\"0 0 1000 100\" preserveAspectRatio=\"none\">\n\t<path class=\"elementor-shape-fill\" d=\"M421.9,6.5c22.6-2.5,51.5,0.4,75.5,5.3c23.6,4.9,70.9,23.5,100.5,35.7c75.8,32.2,133.7,44.5,192.6,49.7\n\tc23.6,2.1,48.7,3.5,103.4-2.5c54.7-6,106.2-25.6,106.2-25.6V0H0v30.3c0,0,72,32.6,158.4,30.5c39.2-0.7,92.8-6.7,134-22.4\n\tc21.2-8.1,52.2-18.2,79.7-24.2C399.3,7.9,411.6,7.5,421.9,6.5z\"\/>\n<\/svg>\t\t<\/div>\n\t\t\t\t\t<div class=\"elementor-container elementor-column-gap-default\">\n\t\t\t\t\t\t\t<div class=\"elementor-row\">\n\t\t\t\t\t<div class=\"has_eae_slider elementor-column elementor-col-100 elementor-top-column elementor-element elementor-element-0744f3a\" data-id=\"0744f3a\" data-element_type=\"column\">\n\t\t\t<div class=\"elementor-column-wrap elementor-element-populated\">\n\t\t\t\t\t\t\t<div class=\"elementor-widget-wrap\">\n\t\t\t\t\t\t<div class=\"elementor-element elementor-element-21f335b elementor-widget elementor-widget-image\" data-id=\"21f335b\" data-element_type=\"widget\" data-widget_type=\"image.default\">\n\t\t\t\t<div class=\"elementor-widget-container\">\n\t\t\t\t\t<div class=\"elementor-image\">\n\t\t\t\t\t\t\t\t\t\t<img src=\"https:\/\/www.forsage.net\/wp-content\/uploads\/elementor\/thumbs\/logo_new-07-om60775ii9bezatxbgl3esea2ulg8xy0d27ritenzs.png\" title=\"logo_new-07\" alt=\"logo_new-07\" \/>\t\t\t\t\t\t\t\t\t\t\t<\/div>\n\t\t\t\t<\/div>\n\t\t\t\t<\/div>\n\t\t\t\t<div class=\"elementor-element elementor-element-af3773b elementor-widget elementor-widget-spacer\" data-id=\"af3773b\" data-element_type=\"widget\" data-widget_type=\"spacer.default\">\n\t\t\t\t<div class=\"elementor-widget-container\">\n\t\t\t\t\t<div class=\"elementor-spacer\">\n\t\t\t<div class=\"elementor-spacer-inner\"><\/div>\n\t\t<\/div>\n\t\t\t\t<\/div>\n\t\t\t\t<\/div>\n\t\t\t\t\t\t<\/div>\n\t\t\t\t\t<\/div>\n\t\t<\/div>\n\t\t\t\t\t\t\t\t<\/div>\n\t\t\t\t\t<\/div>\n\t\t<\/section>\n\t\t\t\t<section class=\"has_eae_slider elementor-section elementor-top-section elementor-element elementor-element-1bb95f31 elementor-section-stretched elementor-section-boxed elementor-section-height-default elementor-section-height-default\" data-id=\"1bb95f31\" data-element_type=\"section\" data-settings=\"{&quot;stretch_section&quot;:&quot;section-stretched&quot;}\">\n\t\t\t\t\t\t<div class=\"elementor-container elementor-column-gap-default\">\n\t\t\t\t\t\t\t<div class=\"elementor-row\">\n\t\t\t\t\t<div class=\"has_eae_slider elementor-column elementor-col-100 elementor-top-column elementor-element elementor-element-3b3e8144\" data-id=\"3b3e8144\" data-element_type=\"column\">\n\t\t\t<div class=\"elementor-column-wrap elementor-element-populated\">\n\t\t\t\t\t\t\t<div class=\"elementor-widget-wrap\">\n\t\t\t\t\t\t<div class=\"elementor-element elementor-element-cba0d65 eael-product-grid-column-tablet-4 eael-product-grid-column-mobile-1 eael-product-grid-column-3 elementor-widget elementor-widget-eicon-woocommerce\" data-id=\"cba0d65\" data-element_type=\"widget\" data-widget_type=\"eicon-woocommerce.default\">\n\t\t\t\t<div class=\"elementor-widget-container\">\n\t\t\t<div class=\"eael-product-grid eael-product-simple\"><div class=\"woocommerce\"><ul class=\"products\"><li class=\"product\">\n        <a href=\"https:\/\/www.forsage.net\/en\/product\/hub\/\" class=\"woocommerce-LoopProduct-link woocommerce-loop-product__link\">\n            <img width=\"300\" height=\"300\" src=\"https:\/\/www.forsage.net\/wp-content\/uploads\/2020\/10\/DSC6018-Edit-300x300.jpg\" class=\"attachment-woocommerce_thumbnail size-woocommerce_thumbnail\" alt=\"\" loading=\"lazy\" srcset=\"https:\/\/www.forsage.net\/wp-content\/uploads\/2020\/10\/DSC6018-Edit-300x300.jpg 300w, https:\/\/www.forsage.net\/wp-content\/uploads\/2020\/10\/DSC6018-Edit-150x150.jpg 150w, https:\/\/www.forsage.net\/wp-content\/uploads\/2020\/10\/DSC6018-Edit-100x100.jpg 100w\" sizes=\"(max-width: 300px) 100vw, 300px\" \/>\n            <h2 class=\"woocommerce-loop-product__title\">Hub<\/h2>\n            \n            <span class=\"outofstock-badge\">Stock <br \/>Out<\/span>\n            <span class=\"price\"><span class=\"woocommerce-Price-amount amount\"><bdi><span class=\"woocommerce-Price-currencySymbol\">&euro;<\/span>389,00<\/bdi><\/span><\/span>\n        <\/a><a href=\"https:\/\/www.forsage.net\/en\/product\/hub\/\" data-quantity=\"1\" class=\"button product_type_simple\" data-product_id=\"4031\" data-product_sku=\"HUB\" aria-label=\"Read more about &ldquo;Hub&rdquo;\" rel=\"nofollow\">Read more<\/a><\/li><li class=\"product\">\n        <a href=\"https:\/\/www.forsage.net\/en\/product\/scale-with-thermometer\/\" class=\"woocommerce-LoopProduct-link woocommerce-loop-product__link\">\n            <img width=\"300\" height=\"300\" src=\"https:\/\/www.forsage.net\/wp-content\/uploads\/2021\/04\/DSC6130-Edit-300x300.jpg\" class=\"attachment-woocommerce_thumbnail size-woocommerce_thumbnail\" alt=\"\" loading=\"lazy\" srcset=\"https:\/\/www.forsage.net\/wp-content\/uploads\/2021\/04\/DSC6130-Edit-300x300.jpg 300w, https:\/\/www.forsage.net\/wp-content\/uploads\/2021\/04\/DSC6130-Edit-150x150.jpg 150w, https:\/\/www.forsage.net\/wp-content\/uploads\/2021\/04\/DSC6130-Edit-100x100.jpg 100w\" sizes=\"(max-width: 300px) 100vw, 300px\" \/>\n            <h2 class=\"woocommerce-loop-product__title\">Scale with thermometer<\/h2>\n            \n            <span class=\"outofstock-badge\">Stock <br \/>Out<\/span>\n            <span class=\"price\"><span class=\"woocommerce-Price-amount amount\"><bdi><span class=\"woocommerce-Price-currencySymbol\">&euro;<\/span>360,00<\/bdi><\/span><\/span>\n        <\/a><a href=\"https:\/\/www.forsage.net\/en\/product\/scale-with-thermometer\/\" data-quantity=\"1\" class=\"button product_type_simple\" data-product_id=\"4396\" data-product_sku=\"\" aria-label=\"Read more about &ldquo;Scale with thermometer&rdquo;\" rel=\"nofollow\">Read more<\/a><\/li><li class=\"product\">\n        <a href=\"https:\/\/www.forsage.net\/en\/product\/sensor\/\" class=\"woocommerce-LoopProduct-link woocommerce-loop-product__link\">\n            <img width=\"300\" height=\"300\" src=\"https:\/\/www.forsage.net\/wp-content\/uploads\/2020\/10\/senzor-300x300.jpg\" class=\"attachment-woocommerce_thumbnail size-woocommerce_thumbnail\" alt=\"\" loading=\"lazy\" srcset=\"https:\/\/www.forsage.net\/wp-content\/uploads\/2020\/10\/senzor-300x300.jpg 300w, https:\/\/www.forsage.net\/wp-content\/uploads\/2020\/10\/senzor-150x150.jpg 150w, https:\/\/www.forsage.net\/wp-content\/uploads\/2020\/10\/senzor-100x100.jpg 100w\" sizes=\"(max-width: 300px) 100vw, 300px\" \/>\n            <h2 class=\"woocommerce-loop-product__title\">Sensor<\/h2>\n            \n            <span class=\"outofstock-badge\">Stock <br \/>Out<\/span>\n            <span class=\"price\"><span class=\"woocommerce-Price-amount amount\"><bdi><span class=\"woocommerce-Price-currencySymbol\">&euro;<\/span>118,00<\/bdi><\/span><\/span>\n        <\/a><a href=\"https:\/\/www.forsage.net\/en\/product\/sensor\/\" data-quantity=\"1\" class=\"button product_type_simple\" data-product_id=\"4032\" data-product_sku=\"\" aria-label=\"Read more about &ldquo;Sensor&rdquo;\" rel=\"nofollow\">Read more<\/a><\/li><li class=\"product\">\n        <a href=\"https:\/\/www.forsage.net\/en\/product\/beehive-monitoring-system\/\" class=\"woocommerce-LoopProduct-link woocommerce-loop-product__link\">\n            <img width=\"300\" height=\"300\" src=\"https:\/\/www.forsage.net\/wp-content\/uploads\/2020\/10\/DSC6229-Edit-300x300.jpg\" class=\"attachment-woocommerce_thumbnail size-woocommerce_thumbnail\" alt=\"\" loading=\"lazy\" srcset=\"https:\/\/www.forsage.net\/wp-content\/uploads\/2020\/10\/DSC6229-Edit-300x300.jpg 300w, https:\/\/www.forsage.net\/wp-content\/uploads\/2020\/10\/DSC6229-Edit-150x150.jpg 150w, https:\/\/www.forsage.net\/wp-content\/uploads\/2020\/10\/DSC6229-Edit-100x100.jpg 100w\" sizes=\"(max-width: 300px) 100vw, 300px\" \/>\n            <h2 class=\"woocommerce-loop-product__title\">Configure Monitoring System<\/h2>\n            \n            <span class=\"outofstock-badge\">Stock <br \/>Out<\/span>\n            <span class=\"price\"><span class=\"woocommerce-Price-amount amount\"><bdi><span class=\"woocommerce-Price-currencySymbol\">&euro;<\/span>118,00<\/bdi><\/span> &ndash; <span class=\"woocommerce-Price-amount amount\"><bdi><span class=\"woocommerce-Price-currencySymbol\">&euro;<\/span>389,00<\/bdi><\/span><\/span>\n        <\/a><a href=\"https:\/\/www.forsage.net\/en\/product\/beehive-monitoring-system\/\" data-quantity=\"1\" class=\"button product_type_grouped\" data-product_id=\"4054\" data-product_sku=\"\" aria-label=\"View products in the &ldquo;Configure Monitoring System&rdquo; group\" rel=\"nofollow\">View products<\/a><\/li><\/ul><\/div>\n        <\/div>\t\t<\/div>\n\t\t\t\t<\/div>\n\t\t\t\t\t\t<\/div>\n\t\t\t\t\t<\/div>\n\t\t<\/div>\n\t\t\t\t\t\t\t\t<\/div>\n\t\t\t\t\t<\/div>\n\t\t<\/section>\n\t\t\t\t<section class=\"has_eae_slider elementor-section elementor-top-section elementor-element elementor-element-6abe0f1 elementor-section-boxed elementor-section-height-default elementor-section-height-default\" data-id=\"6abe0f1\" data-element_type=\"section\">\n\t\t\t\t\t\t<div class=\"elementor-container elementor-column-gap-default\">\n\t\t\t\t\t\t\t<div class=\"elementor-row\">\n\t\t\t\t\t<div class=\"has_eae_slider elementor-column elementor-col-100 elementor-top-column elementor-element elementor-element-4c86c3e\" data-id=\"4c86c3e\" data-element_type=\"column\">\n\t\t\t<div class=\"elementor-column-wrap elementor-element-populated\">\n\t\t\t\t\t\t\t<div class=\"elementor-widget-wrap\">\n\t\t\t\t\t\t<div class=\"elementor-element elementor-element-bffb3e1 elementor-widget elementor-widget-html\" data-id=\"bffb3e1\" data-element_type=\"widget\" data-widget_type=\"html.default\">\n\t\t\t\t<div class=\"elementor-widget-container\">\n\t\t\t<style type=\"text\/css\">\r\n    .woocommerce-loop-product__title {\r\n        margin: 0px !important;\r\n    }\r\n    .woocommerce-loop-product__link {\r\n        padding-top: 15px;\r\n        display: flex;\r\n        flex-direction: column;\r\n        align-items: center;\r\n    }\r\n    \r\n    .woocommerce-loop-product__link .size-woocommerce_thumbnail\r\n    {\r\n        width: 150px !important;\r\n    }\r\n<\/style>\t\t<\/div>\n\t\t\t\t<\/div>\n\t\t\t\t\t\t<\/div>\n\t\t\t\t\t<\/div>\n\t\t<\/div>\n\t\t\t\t\t\t\t\t<\/div>\n\t\t\t\t\t<\/div>\n\t\t<\/section>\n\t\t\t\t\t\t<\/div>\n\t\t\t\t\t\t<\/div>\n\t\t\t\t\t<\/div>\n\t\t","protected":false},"excerpt":{"rendered":"<p>P\u0159ena\u0161e\u010d 9000&nbsp;&#75;&#269; Add to cart V\u00e1ha 5000&nbsp;&#75;&#269; Add to cart Senzor 2500&nbsp;&#75;&#269; Add to cart Monitorovac\u00ed senzory do \u00fal\u016f 2500&nbsp;&#75;&#269; &ndash; 9000&nbsp;&#75;&#269; View products Datov\u00e1 SIM 200&nbsp;&#75;&#269; Add to cart<\/p>\n","protected":false},"author":1,"featured_media":0,"parent":0,"menu_order":0,"comment_status":"closed","ping_status":"closed","template":"elementor_header_footer","meta":[],"yoast_head":"<!-- This site is optimized with the Yoast SEO plugin v15.1.1 - https:\/\/yoast.com\/wordpress\/plugins\/seo\/ -->\n<title>Products - Forsage.net<\/title>\n<meta name=\"robots\" content=\"index, follow, max-snippet:-1, max-image-preview:large, max-video-preview:-1\" \/>\n<link rel=\"canonical\" href=\"https:\/\/www.forsage.net\/en\/products\/\" \/>\n<meta property=\"og:locale\" content=\"en_US\" \/>\n<meta property=\"og:type\" content=\"article\" \/>\n<meta property=\"og:title\" content=\"Products - Forsage.net\" \/>\n<meta property=\"og:description\" content=\"P\u0159ena\u0161e\u010d 9000&nbsp;&#075;&#269; Add to cart V\u00e1ha 5000&nbsp;&#075;&#269; Add to cart Senzor 2500&nbsp;&#075;&#269; Add to cart Monitorovac\u00ed senzory do \u00fal\u016f 2500&nbsp;&#075;&#269; &ndash; 9000&nbsp;&#075;&#269; View products Datov\u00e1 SIM 200&nbsp;&#075;&#269; Add to cart\" \/>\n<meta property=\"og:url\" content=\"https:\/\/www.forsage.net\/en\/products\/\" \/>\n<meta property=\"og:site_name\" content=\"Forsage.net\" \/>\n<meta property=\"article:modified_time\" content=\"2020-11-12T23:11:04+00:00\" \/>\n<meta property=\"og:image\" content=\"https:\/\/www.forsage.net\/wp-content\/uploads\/elementor\/thumbs\/logo_new-07-om60775ii9bezatxbgl3esea2ulg8xy0d27ritenzs.png\" \/>\n<meta name=\"twitter:card\" content=\"summary_large_image\" \/>\n<script type=\"application\/ld+json\" class=\"yoast-schema-graph\">{\"@context\":\"https:\/\/schema.org\",\"@graph\":[{\"@type\":\"WebSite\",\"@id\":\"https:\/\/www.forsage.net\/en\/#website\",\"url\":\"https:\/\/www.forsage.net\/en\/\",\"name\":\"Forsage.net\",\"description\":\"\",\"potentialAction\":[{\"@type\":\"SearchAction\",\"target\":\"https:\/\/www.forsage.net\/en\/?s={search_term_string}\",\"query-input\":\"required name=search_term_string\"}],\"inLanguage\":\"en-US\"},{\"@type\":\"ImageObject\",\"@id\":\"https:\/\/www.forsage.net\/en\/products\/#primaryimage\",\"inLanguage\":\"en-US\",\"url\":\"https:\/\/www.forsage.net\/wp-content\/uploads\/elementor\/thumbs\/logo_new-07-om60775ii9bezatxbgl3esea2ulg8xy0d27ritenzs.png\"},{\"@type\":\"WebPage\",\"@id\":\"https:\/\/www.forsage.net\/en\/products\/#webpage\",\"url\":\"https:\/\/www.forsage.net\/en\/products\/\",\"name\":\"Products - Forsage.net\",\"isPartOf\":{\"@id\":\"https:\/\/www.forsage.net\/en\/#website\"},\"primaryImageOfPage\":{\"@id\":\"https:\/\/www.forsage.net\/en\/products\/#primaryimage\"},\"datePublished\":\"2020-11-12T22:58:01+00:00\",\"dateModified\":\"2020-11-12T23:11:04+00:00\",\"inLanguage\":\"en-US\",\"potentialAction\":[{\"@type\":\"ReadAction\",\"target\":[\"https:\/\/www.forsage.net\/en\/products\/\"]}]}]}<\/script>\n<!-- \/ Yoast SEO plugin. -->","_links":{"self":[{"href":"https:\/\/www.forsage.net\/en\/wp-json\/wp\/v2\/pages\/4242\/"}],"collection":[{"href":"https:\/\/www.forsage.net\/en\/wp-json\/wp\/v2\/pages\/"}],"about":[{"href":"https:\/\/www.forsage.net\/en\/wp-json\/wp\/v2\/types\/page\/"}],"author":[{"embeddable":true,"href":"https:\/\/www.forsage.net\/en\/wp-json\/wp\/v2\/users\/1\/"}],"replies":[{"embeddable":true,"href":"https:\/\/www.forsage.net\/en\/wp-json\/wp\/v2\/comments\/?post=4242"}],"version-history":[{"count":3,"href":"https:\/\/www.forsage.net\/en\/wp-json\/wp\/v2\/pages\/4242\/revisions\/"}],"predecessor-version":[{"id":4250,"href":"https:\/\/www.forsage.net\/en\/wp-json\/wp\/v2\/pages\/4242\/revisions\/4250\/"}],"wp:attachment":[{"href":"https:\/\/www.forsage.net\/en\/wp-json\/wp\/v2\/media\/?parent=4242"}],"curies":[{"name":"wp","href":"https:\/\/api.w.org\/{rel}","templated":true}]}}